{"id":407,"date":"2021-12-21T11:52:17","date_gmt":"2021-12-21T10:52:17","guid":{"rendered":"https:\/\/haag-huette.at\/home\/"},"modified":"2025-01-07T08:49:55","modified_gmt":"2025-01-07T07:49:55","slug":"home","status":"publish","type":"page","link":"https:\/\/haag-huette.at\/en\/","title":{"rendered":"Home"},"content":{"rendered":"<div class=\"wpb-content-wrapper\"><p>[vc_row full_width=&#8221;stretch_row&#8221; el_class=&#8221;banner&#8221;][vc_column][vc_column_text]Hut vacation in<br \/>\nHochf\u00fcgen \/ Zillertal[\/vc_column_text][\/vc_column][\/vc_row][vc_row full_width=&#8221;stretch_row&#8221; el_class=&#8221;start&#8221;][vc_column offset=&#8221;vc_col-md-8&#8243; el_class=&#8221;textintro einzug&#8221;][vc_column_text css_animation=&#8221;none&#8221;]<\/p>\n<h1>Haag H\u00fctte Hochf\u00fcgen<\/h1>\n<p>The Haag H\u00fctte is quietly located at the end of the hut village Hochf\u00fcgen and is situated at 1550 meters above sea level in the beautiful Zillertal in Tyrol. The vacation apartment is the ideal accommodation for a family vacation or a vacation among friends. From the terrace you have a wonderful view of the surrounding mountains of the Zillertal. You can enjoy the mountain air, the tranquility and nature to really relax and unwind.[\/vc_column_text][\/vc_column][vc_column css_animation=&#8221;fadeInRight&#8221; offset=&#8221;vc_col-md-4&#8243;][vc_single_image image=&#8221;224&#8243; img_size=&#8221;full&#8221; el_class=&#8221;adler&#8221;][\/vc_column][vc_column css_animation=&#8221;none&#8221; width=&#8221;1\/2&#8243;][vc_single_image image=&#8221;317&#8243; img_size=&#8221;full&#8221;][\/vc_column][vc_column css_animation=&#8221;none&#8221; width=&#8221;1\/2&#8243;][vc_single_image image=&#8221;322&#8243; img_size=&#8221;full&#8221;][\/vc_column][\/vc_row][vc_row full_width=&#8221;stretch_row&#8221; el_class=&#8221;ausstattung&#8221;][vc_column][vc_column_text]<\/p>\n<h2>All you need<\/h2>\n<p>[\/vc_column_text][\/vc_column][vc_column offset=&#8221;vc_col-md-7&#8243;][vc_single_image image=&#8221;347&#8243; img_size=&#8221;full&#8221; onclick=&#8221;link_image&#8221; css_animation=&#8221;fadeInLeft&#8221;][\/vc_column][vc_column offset=&#8221;vc_col-md-5&#8243;][vc_column_text css_animation=&#8221;fadeInRight&#8221;]<\/p>\n<h3>Haag hut equipment<\/h3>\n<p>The vacation apartment is comfortably equipped, cozily furnished and offers everything for a relaxing vacation.<\/p>\n<ul>\n<li>Living space of 70 m\u00b2 for max 6 persons<\/li>\n<li>Bedrooms: 1 bedroom with bunk beds for 4 &#8211; 6 persons. In the living room an area can be separated for 2 persons.<\/li>\n<li>1 modern bathroom with shower and WC<\/li>\n<li>Kitchen: gas stove, fridge with freezer, coffee maker, toaster, kettle, dishes, cutlery, glasses, pots, etc&#8230;.<\/li>\n<li>Living room with dining area and tiled stove as well as a big couch<\/li>\n<li>SAT-TV<\/li>\n<li>WLAN<\/li>\n<li>Gas heating in the living and sleeping area<\/li>\n<li>Tiled stove in the living area<\/li>\n<li>Firewood for the tiled stove included<\/li>\n<li>Shoe\/helmet\/glove dryer with fully automatic disinfection<\/li>\n<li>Large sun terrace with deck chairs and parasol<\/li>\n<\/ul>\n<p>[\/vc_column_text][\/vc_column][\/vc_row][vc_row full_width=&#8221;stretch_row&#8221; el_class=&#8221;gallery&#8221;][vc_column]\n\t\t\t<!-- START Slider 1 REVOLUTION SLIDER 6.7.35 --><p class=\"rs-p-wp-fix\"><\/p>\n\t\t\t<rs-module-wrap id=\"rev_slider_1_1_wrapper\" data-source=\"gallery\" style=\"visibility:hidden;background:transparent;padding:0;margin:0px auto;margin-top:0;margin-bottom:0;\">\n\t\t\t\t<rs-module id=\"rev_slider_1_1\" style=\"\" data-version=\"6.7.35\">\n\t\t\t\t\t<rs-slides style=\"overflow: hidden; position: absolute;\">\n\t\t\t\t\t\t<rs-slide style=\"position: absolute;\" data-key=\"rs-4\" data-title=\"Slide\" data-thumb=\"\/\/haag-huette.at\/wp-content\/uploads\/haag-huette-bett-50x100.jpg\" data-anim=\"adpr:false;\" data-in=\"o:0;\" data-out=\"a:false;\">\n\t\t\t\t\t\t\t<img decoding=\"async\" src=\"\/\/haag-huette.at\/wp-content\/plugins\/revslider\/sr6\/assets\/assets\/dummy.png\" alt=\"Haag H\u00fctte Bett\" title=\"Haag H\u00fctte Bett\" width=\"1200\" height=\"800\" class=\"rev-slidebg tp-rs-img rs-lazyload\" data-lazyload=\"\/\/haag-huette.at\/wp-content\/uploads\/haag-huette-bett.jpg\" data-no-retina>\n<!---->\t\t\t\t\t<\/rs-slide>\n\t\t\t\t\t\t<rs-slide style=\"position: absolute;\" data-key=\"rs-2\" data-title=\"Slide\" data-thumb=\"\/\/haag-huette.at\/wp-content\/uploads\/haag-huette-esstisch-50x100.jpg\" data-anim=\"adpr:false;\" data-in=\"o:0;\" data-out=\"a:false;\">\n\t\t\t\t\t\t\t<img decoding=\"async\" src=\"\/\/haag-huette.at\/wp-content\/plugins\/revslider\/sr6\/assets\/assets\/dummy.png\" alt=\"Haag H\u00fctte Esstisch\" title=\"Haag H\u00fctte Esstisch\" width=\"1200\" height=\"800\" class=\"rev-slidebg tp-rs-img rs-lazyload\" data-lazyload=\"\/\/haag-huette.at\/wp-content\/uploads\/haag-huette-esstisch.jpg\" data-no-retina>\n<!---->\t\t\t\t\t<\/rs-slide>\n\t\t\t\t\t\t<rs-slide style=\"position: absolute;\" data-key=\"rs-3\" data-title=\"Slide\" data-thumb=\"\/\/haag-huette.at\/wp-content\/uploads\/haag-huette-wohnzimmer-50x100.jpg\" data-anim=\"adpr:false;\" data-in=\"o:0;\" data-out=\"a:false;\">\n\t\t\t\t\t\t\t<img decoding=\"async\" src=\"\/\/haag-huette.at\/wp-content\/plugins\/revslider\/sr6\/assets\/assets\/dummy.png\" alt=\"Haag H\u00fctte Wohnzimmer\" title=\"Haag H\u00fctte Wohnzimmer\" width=\"1200\" height=\"800\" class=\"rev-slidebg tp-rs-img rs-lazyload\" data-lazyload=\"\/\/haag-huette.at\/wp-content\/uploads\/haag-huette-wohnzimmer.jpg\" data-no-retina>\n<!---->\t\t\t\t\t<\/rs-slide>\n\t\t\t\t\t\t<rs-slide style=\"position: absolute;\" data-key=\"rs-1\" data-title=\"Slide\" data-thumb=\"\/\/haag-huette.at\/wp-content\/uploads\/haag-huette-stockbetten-50x100.jpg\" data-anim=\"adpr:false;\" data-in=\"o:0;\" data-out=\"a:false;\">\n\t\t\t\t\t\t\t<img decoding=\"async\" src=\"\/\/haag-huette.at\/wp-content\/plugins\/revslider\/sr6\/assets\/assets\/dummy.png\" alt=\"Haag H\u00fctte Stockbetten\" title=\"Haag H\u00fctte Stockbetten\" width=\"1200\" height=\"800\" class=\"rev-slidebg tp-rs-img rs-lazyload\" data-lazyload=\"\/\/haag-huette.at\/wp-content\/uploads\/haag-huette-stockbetten.jpg\" data-no-retina>\n<!---->\t\t\t\t\t<\/rs-slide>\n\t\t\t\t\t\t<rs-slide style=\"position: absolute;\" data-key=\"rs-5\" data-title=\"Slide\" data-thumb=\"\/\/haag-huette.at\/wp-content\/uploads\/haag-huette-bad-50x100.jpg\" data-anim=\"adpr:false;\" data-in=\"o:0;\" data-out=\"a:false;\">\n\t\t\t\t\t\t\t<img decoding=\"async\" src=\"\/\/haag-huette.at\/wp-content\/plugins\/revslider\/sr6\/assets\/assets\/dummy.png\" alt=\"Haag H\u00fctte Badezimmer\" title=\"Haag H\u00fctte Badezimmer\" width=\"1200\" height=\"800\" class=\"rev-slidebg tp-rs-img rs-lazyload\" data-lazyload=\"\/\/haag-huette.at\/wp-content\/uploads\/haag-huette-bad.jpg\" data-no-retina>\n<!---->\t\t\t\t\t<\/rs-slide>\n\t\t\t\t\t\t<rs-slide style=\"position: absolute;\" data-key=\"rs-6\" data-title=\"Slide\" data-thumb=\"\/\/haag-huette.at\/wp-content\/uploads\/haag-huette-kueche-50x100.jpg\" data-anim=\"adpr:false;\" data-in=\"o:0;\" data-out=\"a:false;\">\n\t\t\t\t\t\t\t<img decoding=\"async\" src=\"\/\/haag-huette.at\/wp-content\/plugins\/revslider\/sr6\/assets\/assets\/dummy.png\" alt=\"Haag H\u00fctte K\u00fcche\" title=\"Haag H\u00fctte K\u00fcche\" width=\"1200\" height=\"800\" class=\"rev-slidebg tp-rs-img rs-lazyload\" data-lazyload=\"\/\/haag-huette.at\/wp-content\/uploads\/haag-huette-kueche.jpg\" data-no-retina>\n<!---->\t\t\t\t\t<\/rs-slide>\n\t\t\t\t\t\t<rs-slide style=\"position: absolute;\" data-key=\"rs-7\" data-title=\"Slide\" data-thumb=\"\/\/haag-huette.at\/wp-content\/uploads\/haag-huette-eingang-50x100.jpg\" data-anim=\"adpr:false;\" data-in=\"o:0;\" data-out=\"a:false;\">\n\t\t\t\t\t\t\t<img decoding=\"async\" src=\"\/\/haag-huette.at\/wp-content\/plugins\/revslider\/sr6\/assets\/assets\/dummy.png\" alt=\"Haag H\u00fctte Eingang\" title=\"Haag H\u00fctte Eingang\" width=\"1200\" height=\"800\" class=\"rev-slidebg tp-rs-img rs-lazyload\" data-lazyload=\"\/\/haag-huette.at\/wp-content\/uploads\/haag-huette-eingang.jpg\" data-no-retina>\n<!---->\t\t\t\t\t<\/rs-slide>\n\t\t\t\t\t<\/rs-slides>\n\t\t\t\t<\/rs-module>\n\t\t\t\t<script>\n\t\t\t\t\tsetREVStartSize({c: 'rev_slider_1_1',rl:[1240,1024,778,480],el:[800],gw:[1200],gh:[800],type:'standard',justify:'',layout:'fullwidth',mh:\"0\"});if (window.RS_MODULES!==undefined && window.RS_MODULES.modules!==undefined && window.RS_MODULES.modules[\"revslider11\"]!==undefined) {window.RS_MODULES.modules[\"revslider11\"].once = false;window.revapi1 = undefined;if (window.RS_MODULES.checkMinimal!==undefined) window.RS_MODULES.checkMinimal()}\n\t\t\t\t<\/script>\n\t\t\t<\/rs-module-wrap>\n\t\t\t<!-- END REVOLUTION SLIDER -->\n[\/vc_column][\/vc_row][vc_row full_width=&#8221;stretch_row&#8221; el_class=&#8221;haag-lage&#8221;][vc_column offset=&#8221;vc_col-md-5&#8243; el_class=&#8221;hygnatext&#8221;][vc_column_text css_animation=&#8221;none&#8221;]<\/p>\n<h2>Haag H\u00fctte Location<\/h2>\n<h3>How to reach us<\/h3>\n<p>In winter you can get directly to the slopes in one minute with your skis (10 minutes walk from the parking lot to the accommodation) in summer you can reach the hut comfortably by car.[\/vc_column_text][vc_btn title=&#8221;to the approach&#8221; link=&#8221;url:https%3A%2F%2Fhaag-huette.at%2Fen%2Flocation%2F|title:Location|&#8221;][\/vc_column][vc_column offset=&#8221;vc_col-md-7&#8243;][vc_single_image image=&#8221;233&#8243; img_size=&#8221;full&#8221; css_animation=&#8221;none&#8221; el_class=&#8221;hoch&#8221;][vc_single_image image=&#8221;235&#8243; img_size=&#8221;full&#8221; alignment=&#8221;right&#8221; css_animation=&#8221;none&#8221; el_class=&#8221;overlaybild&#8221;][\/vc_column][\/vc_row][vc_row full_width=&#8221;stretch_row&#8221; el_class=&#8221;aktiv&#8221;][vc_column offset=&#8221;vc_col-md-5&#8243;][vc_column_text css_animation=&#8221;none&#8221;]<\/p>\n<h2>Activities in the Zillertal<\/h2>\n<h3>Summer and winter vacation<\/h3>\n<p>In the Zillertal your vacation can of course be actively arranged at any time, both in summer and in winter our home invites you to forays and adventures in the wonderful nature. Whether you want to spend your free time action-packed or completely relaxed, that you decide yourself![\/vc_column_text][vc_btn title=&#8221;learn more&#8221; link=&#8221;url:https%3A%2F%2Fhaag-huette.at%2Fen%2Factivities%2F|title:Activities|&#8221;][vc_single_image image=&#8221;265&#8243; img_size=&#8221;full&#8221; css_animation=&#8221;none&#8221;][\/vc_column][vc_column offset=&#8221;vc_col-md-offset-1 vc_col-md-6&#8243;][vc_single_image image=&#8221;267&#8243; img_size=&#8221;full&#8221; css_animation=&#8221;none&#8221; el_class=&#8221;sommerurlaub&#8221;][vc_single_image image=&#8221;271&#8243; img_size=&#8221;full&#8221; alignment=&#8221;right&#8221; el_class=&#8221;overlaymountainbike&#8221;][\/vc_column][\/vc_row][vc_row full_width=&#8221;stretch_row&#8221; el_class=&#8221;cta&#8221;][vc_column][vc_single_image image=&#8221;279&#8243; img_size=&#8221;full&#8221; alignment=&#8221;center&#8221; el_class=&#8221;iconhaag&#8221;][vc_column_text]<\/p>\n<h2>You want to spend a relaxing vacation in a rustic cottage?<br \/>\nThen you are exactly right with us.<\/h2>\n<p>[\/vc_column_text][vc_btn title=&#8221;Inquire now without obligation&#8221; align=&#8221;center&#8221; button_block=&#8221;true&#8221; link=&#8221;url:https%3A%2F%2Fhaag-huette.at%2Fen%2Finquiry%2F|title:Inquiry|&#8221;][\/vc_column][\/vc_row][vc_row full_width=&#8221;stretch_row&#8221; el_class=&#8221;start&#8221;][vc_column][vc_column_text]<\/p>\n<h2>Bread roll service or breakfast?<\/h2>\n<p>At the <a href=\"https:\/\/www.aar-wirt.at\/\" target=\"_blank\" rel=\"noopener\">Aar Wirt<\/a> in Hochf\u00fcgen, which is only a 5-minute walk away, you can book either a bread roll service or breakfast with advance reservations. Please let us know if you are interested in breakfast or the bread service.[\/vc_column_text][\/vc_column][\/vc_row]<\/p>\n<\/div>","protected":false},"excerpt":{"rendered":"<p>[vc_row full_width=&#8221;stretch_row&#8221; el_class=&#8221;banner&#8221;][vc_column][vc_column_text]Hut vacation in Hochf\u00fcgen \/ Zillertal[\/vc_column_text][\/vc_column][\/vc_row][vc_row full_width=&#8221;stretch_row&#8221; el_class=&#8221;start&#8221;][vc_column offset=&#8221;vc_col-md-8&#8243; el_class=&#8221;textintro einzug&#8221;][vc_column_text css_animation=&#8221;none&#8221;] Haag H\u00fctte Hochf\u00fcgen The Haag H\u00fctte is quietly located at the end of the hut village Hochf\u00fcgen and is situated at 1550 meters above sea level in the beautiful Zillertal in Tyrol. The vacation apartment is the ideal accommodation for a [&hellip;]<\/p>\n","protected":false},"author":1,"featured_media":228,"parent":0,"menu_order":2,"comment_status":"closed","ping_status":"closed","template":"","meta":{"inline_featured_image":false,"footnotes":""},"class_list":["post-407","page","type-page","status-publish","has-post-thumbnail","hentry"],"yoast_head":"<!-- This site is optimized with the Yoast SEO plugin v25.4 - https:\/\/yoast.com\/wordpress\/plugins\/seo\/ -->\n<title>Haag H\u00fctte Hochf\u00fcgen - Switch off and find peace and quiet<\/title>\n<meta name=\"description\" content=\"With us at the Haag H\u00fctte at 1550m above sea level you can come to rest and just enjoy nature.\" \/>\n<meta name=\"robots\" content=\"index, follow, max-snippet:-1, max-image-preview:large, max-video-preview:-1\" \/>\n<link rel=\"canonical\" href=\"https:\/\/haag-huette.at\/\" \/>\n<meta property=\"og:locale\" content=\"en_US\" \/>\n<meta property=\"og:type\" content=\"article\" \/>\n<meta property=\"og:title\" content=\"Haag H\u00fctte Hochf\u00fcgen - Switch off and find peace and quiet\" \/>\n<meta property=\"og:description\" content=\"With us at the Haag H\u00fctte at 1550m above sea level you can come to rest and just enjoy nature.\" \/>\n<meta property=\"og:url\" content=\"https:\/\/haag-huette.at\/\" \/>\n<meta property=\"og:site_name\" content=\"Haag H\u00fctte\" \/>\n<meta property=\"article:publisher\" content=\"https:\/\/www.fb.me\/HygnaChalets\" \/>\n<meta property=\"article:modified_time\" content=\"2025-01-07T07:49:55+00:00\" \/>\n<meta property=\"og:image\" content=\"https:\/\/haag-huette.at\/wp-content\/uploads\/haag-huette-aussen.jpg\" \/>\n\t<meta property=\"og:image:width\" content=\"600\" \/>\n\t<meta property=\"og:image:height\" content=\"400\" \/>\n\t<meta property=\"og:image:type\" content=\"image\/jpeg\" \/>\n<meta name=\"twitter:card\" content=\"summary_large_image\" \/>\n<meta name=\"twitter:label1\" content=\"Est. reading time\" \/>\n\t<meta name=\"twitter:data1\" content=\"4 minutes\" \/>\n<script type=\"application\/ld+json\" class=\"yoast-schema-graph\">{\"@context\":\"https:\/\/schema.org\",\"@graph\":[{\"@type\":\"WebPage\",\"@id\":\"https:\/\/haag-huette.at\/\",\"url\":\"https:\/\/haag-huette.at\/\",\"name\":\"Haag H\u00fctte Hochf\u00fcgen - Switch off and find peace and quiet\",\"isPartOf\":{\"@id\":\"https:\/\/haag-huette.at\/#website\"},\"primaryImageOfPage\":{\"@id\":\"https:\/\/haag-huette.at\/#primaryimage\"},\"image\":{\"@id\":\"https:\/\/haag-huette.at\/#primaryimage\"},\"thumbnailUrl\":\"https:\/\/haag-huette.at\/wp-content\/uploads\/haag-huette-aussen.jpg\",\"datePublished\":\"2021-12-21T10:52:17+00:00\",\"dateModified\":\"2025-01-07T07:49:55+00:00\",\"description\":\"With us at the Haag H\u00fctte at 1550m above sea level you can come to rest and just enjoy nature.\",\"breadcrumb\":{\"@id\":\"https:\/\/haag-huette.at\/#breadcrumb\"},\"inLanguage\":\"en-US\",\"potentialAction\":[{\"@type\":\"ReadAction\",\"target\":[\"https:\/\/haag-huette.at\/\"]}]},{\"@type\":\"ImageObject\",\"inLanguage\":\"en-US\",\"@id\":\"https:\/\/haag-huette.at\/#primaryimage\",\"url\":\"https:\/\/haag-huette.at\/wp-content\/uploads\/haag-huette-aussen.jpg\",\"contentUrl\":\"https:\/\/haag-huette.at\/wp-content\/uploads\/haag-huette-aussen.jpg\",\"width\":600,\"height\":400,\"caption\":\"Haag H\u00fctte exterior view\"},{\"@type\":\"BreadcrumbList\",\"@id\":\"https:\/\/haag-huette.at\/#breadcrumb\",\"itemListElement\":[{\"@type\":\"ListItem\",\"position\":1,\"name\":\"Startseite\",\"item\":\"https:\/\/haag-huette.at\/\"},{\"@type\":\"ListItem\",\"position\":2,\"name\":\"Home\"}]},{\"@type\":\"WebSite\",\"@id\":\"https:\/\/haag-huette.at\/#website\",\"url\":\"https:\/\/haag-huette.at\/\",\"name\":\"Hygna Chalets\",\"description\":\"Ihr Versteck in den Bergen\",\"publisher\":{\"@id\":\"https:\/\/haag-huette.at\/#organization\"},\"potentialAction\":[{\"@type\":\"SearchAction\",\"target\":{\"@type\":\"EntryPoint\",\"urlTemplate\":\"https:\/\/haag-huette.at\/?s={search_term_string}\"},\"query-input\":{\"@type\":\"PropertyValueSpecification\",\"valueRequired\":true,\"valueName\":\"search_term_string\"}}],\"inLanguage\":\"en-US\"},{\"@type\":\"Organization\",\"@id\":\"https:\/\/haag-huette.at\/#organization\",\"name\":\"Hygna Chalets\",\"url\":\"https:\/\/haag-huette.at\/\",\"logo\":{\"@type\":\"ImageObject\",\"inLanguage\":\"en-US\",\"@id\":\"https:\/\/haag-huette.at\/#\/schema\/logo\/image\/\",\"url\":\"https:\/\/haag-huette.at\/wp-content\/uploads\/Hygna_Logo_Iridium.svg\",\"contentUrl\":\"https:\/\/haag-huette.at\/wp-content\/uploads\/Hygna_Logo_Iridium.svg\",\"width\":\"1024\",\"height\":\"1024\",\"caption\":\"Hygna Chalets\"},\"image\":{\"@id\":\"https:\/\/haag-huette.at\/#\/schema\/logo\/image\/\"},\"sameAs\":[\"https:\/\/www.fb.me\/HygnaChalets\",\"https:\/\/www.instagram.com\/hygna_chalets\/\"]}]}<\/script>\n<!-- \/ Yoast SEO plugin. -->","yoast_head_json":{"title":"Haag H\u00fctte Hochf\u00fcgen - Switch off and find peace and quiet","description":"With us at the Haag H\u00fctte at 1550m above sea level you can come to rest and just enjoy nature.","robots":{"index":"index","follow":"follow","max-snippet":"max-snippet:-1","max-image-preview":"max-image-preview:large","max-video-preview":"max-video-preview:-1"},"canonical":"https:\/\/haag-huette.at\/","og_locale":"en_US","og_type":"article","og_title":"Haag H\u00fctte Hochf\u00fcgen - Switch off and find peace and quiet","og_description":"With us at the Haag H\u00fctte at 1550m above sea level you can come to rest and just enjoy nature.","og_url":"https:\/\/haag-huette.at\/","og_site_name":"Haag H\u00fctte","article_publisher":"https:\/\/www.fb.me\/HygnaChalets","article_modified_time":"2025-01-07T07:49:55+00:00","og_image":[{"width":600,"height":400,"url":"https:\/\/haag-huette.at\/wp-content\/uploads\/haag-huette-aussen.jpg","type":"image\/jpeg"}],"twitter_card":"summary_large_image","twitter_misc":{"Est. reading time":"4 minutes"},"schema":{"@context":"https:\/\/schema.org","@graph":[{"@type":"WebPage","@id":"https:\/\/haag-huette.at\/","url":"https:\/\/haag-huette.at\/","name":"Haag H\u00fctte Hochf\u00fcgen - Switch off and find peace and quiet","isPartOf":{"@id":"https:\/\/haag-huette.at\/#website"},"primaryImageOfPage":{"@id":"https:\/\/haag-huette.at\/#primaryimage"},"image":{"@id":"https:\/\/haag-huette.at\/#primaryimage"},"thumbnailUrl":"https:\/\/haag-huette.at\/wp-content\/uploads\/haag-huette-aussen.jpg","datePublished":"2021-12-21T10:52:17+00:00","dateModified":"2025-01-07T07:49:55+00:00","description":"With us at the Haag H\u00fctte at 1550m above sea level you can come to rest and just enjoy nature.","breadcrumb":{"@id":"https:\/\/haag-huette.at\/#breadcrumb"},"inLanguage":"en-US","potentialAction":[{"@type":"ReadAction","target":["https:\/\/haag-huette.at\/"]}]},{"@type":"ImageObject","inLanguage":"en-US","@id":"https:\/\/haag-huette.at\/#primaryimage","url":"https:\/\/haag-huette.at\/wp-content\/uploads\/haag-huette-aussen.jpg","contentUrl":"https:\/\/haag-huette.at\/wp-content\/uploads\/haag-huette-aussen.jpg","width":600,"height":400,"caption":"Haag H\u00fctte exterior view"},{"@type":"BreadcrumbList","@id":"https:\/\/haag-huette.at\/#breadcrumb","itemListElement":[{"@type":"ListItem","position":1,"name":"Startseite","item":"https:\/\/haag-huette.at\/"},{"@type":"ListItem","position":2,"name":"Home"}]},{"@type":"WebSite","@id":"https:\/\/haag-huette.at\/#website","url":"https:\/\/haag-huette.at\/","name":"Hygna Chalets","description":"Ihr Versteck in den Bergen","publisher":{"@id":"https:\/\/haag-huette.at\/#organization"},"potentialAction":[{"@type":"SearchAction","target":{"@type":"EntryPoint","urlTemplate":"https:\/\/haag-huette.at\/?s={search_term_string}"},"query-input":{"@type":"PropertyValueSpecification","valueRequired":true,"valueName":"search_term_string"}}],"inLanguage":"en-US"},{"@type":"Organization","@id":"https:\/\/haag-huette.at\/#organization","name":"Hygna Chalets","url":"https:\/\/haag-huette.at\/","logo":{"@type":"ImageObject","inLanguage":"en-US","@id":"https:\/\/haag-huette.at\/#\/schema\/logo\/image\/","url":"https:\/\/haag-huette.at\/wp-content\/uploads\/Hygna_Logo_Iridium.svg","contentUrl":"https:\/\/haag-huette.at\/wp-content\/uploads\/Hygna_Logo_Iridium.svg","width":"1024","height":"1024","caption":"Hygna Chalets"},"image":{"@id":"https:\/\/haag-huette.at\/#\/schema\/logo\/image\/"},"sameAs":["https:\/\/www.fb.me\/HygnaChalets","https:\/\/www.instagram.com\/hygna_chalets\/"]}]}},"_links":{"self":[{"href":"https:\/\/haag-huette.at\/en\/wp-json\/wp\/v2\/pages\/407","targetHints":{"allow":["GET"]}}],"collection":[{"href":"https:\/\/haag-huette.at\/en\/wp-json\/wp\/v2\/pages"}],"about":[{"href":"https:\/\/haag-huette.at\/en\/wp-json\/wp\/v2\/types\/page"}],"author":[{"embeddable":true,"href":"https:\/\/haag-huette.at\/en\/wp-json\/wp\/v2\/users\/1"}],"replies":[{"embeddable":true,"href":"https:\/\/haag-huette.at\/en\/wp-json\/wp\/v2\/comments?post=407"}],"version-history":[{"count":3,"href":"https:\/\/haag-huette.at\/en\/wp-json\/wp\/v2\/pages\/407\/revisions"}],"predecessor-version":[{"id":410,"href":"https:\/\/haag-huette.at\/en\/wp-json\/wp\/v2\/pages\/407\/revisions\/410"}],"wp:featuredmedia":[{"embeddable":true,"href":"https:\/\/haag-huette.at\/en\/wp-json\/wp\/v2\/media\/228"}],"wp:attachment":[{"href":"https:\/\/haag-huette.at\/en\/wp-json\/wp\/v2\/media?parent=407"}],"curies":[{"name":"wp","href":"https:\/\/api.w.org\/{rel}","templated":true}]}}