{"id":383,"date":"2021-12-21T11:26:51","date_gmt":"2021-12-21T10:26:51","guid":{"rendered":"https:\/\/haag-huette.at\/inquiry\/"},"modified":"2025-01-07T08:49:54","modified_gmt":"2025-01-07T07:49:54","slug":"inquiry","status":"publish","type":"page","link":"https:\/\/haag-huette.at\/en\/inquiry\/","title":{"rendered":"Inquiry"},"content":{"rendered":"<div class=\"wpb-content-wrapper\"><p>[vc_row full_width=&#8221;stretch_row&#8221; el_class=&#8221;toprow anfrage&#8221;][vc_column][vc_column_text]<\/p>\n<h1>Inquire now<\/h1>\n<p>[\/vc_column_text][vc_raw_html]JTBBJTNDZm9ybSUyMGFjdGlvbiUzRCUyMiUyRmVtYWlsJTJGc2VuZF9lbWFpbF9lbi5waHAlMjIlMjBtZXRob2QlM0QlMjJwb3N0JTIyJTNFJTBBJTNDZGl2JTIwY2xhc3MlM0QlMjJyb3clMjIlM0UlMEElM0NkaXYlMjBjbGFzcyUzRCUyMmZvcm0tZ3JvdXAlMjBjb2wtNCUyMiUzRSUzQ2xhYmVsJTIwY2xhc3MlM0QlMjJjb2wtc20tMTIlMjIlMjBmb3IlM0QlMjJBbnJlZGUlMjIlM0VTYWx1dGF0aW9uJTNDJTJGbGFiZWwlM0UlMEElM0NzZWxlY3QlMjBpZCUzRCUyMkFucmVkZSUyMiUyMGNsYXNzJTNEJTIyY3VzdG9tLXNlbGVjdCUyMiUyMG5hbWUlM0QlMjJBbnJlZGUlMjIlM0UlMEElM0NvcHRpb24lMjBzZWxlY3RlZCUzRCUyMnNlbGVjdGVkJTIyJTNFcGxlYXNlJTIwc2VsZWN0JTNDJTJGb3B0aW9uJTNFJTBBJTNDb3B0aW9uJTIwdmFsdWUlM0QlMjJGcmF1JTIyJTNFTXMuJTIwJTJGJTIwTXJzLiUzQyUyRm9wdGlvbiUzRSUwQSUzQ29wdGlvbiUyMHZhbHVlJTNEJTIySGVyciUyMiUzRU1yLiUzQyUyRm9wdGlvbiUzRSUwQSUzQ29wdGlvbiUyMHZhbHVlJTNEJTIyRmFtaWxpZSUyMiUzRUZhbWlseSUzQyUyRm9wdGlvbiUzRSUwQSUzQ29wdGlvbiUyMHZhbHVlJTNEJTIyRmlybWElMjIlM0VDb21wYW55JTNDJTJGb3B0aW9uJTNFJTBBJTNDJTJGc2VsZWN0JTNFJTNDJTJGZGl2JTNFJTBBJTNDJTJGZGl2JTNFJTBBJTNDZGl2JTIwY2xhc3MlM0QlMjJyb3clMjIlM0UlMEElM0NkaXYlMjBjbGFzcyUzRCUyMmZvcm0tZ3JvdXAlMjBjb2wtNCUyMiUzRSUzQ2xhYmVsJTIwZm9yJTNEJTIyVm9ybmFtZSUyMiUzRUZpcnN0JTIwbmFtZSUyQSUzQyUyRmxhYmVsJTNFJTBBJTNDaW5wdXQlMjBpZCUzRCUyMlZvcm5hbWUlMjIlMjBjbGFzcyUzRCUyMmZvcm0tY29udHJvbCUyMGNvbC1zbS02JTIyJTIwbmFtZSUzRCUyMlZvcm5hbWUlMjIlMjB0eXBlJTNEJTIydGV4dCUyMiUyMCUyRiUzRSUzQyUyRmRpdiUzRSUwQSUzQ2RpdiUyMGNsYXNzJTNEJTIyZm9ybS1ncm91cCUyMGNvbC00JTIyJTNFJTNDbGFiZWwlMjBmb3IlM0QlMjJOYWNobmFtZSUyMiUzRUxhc3QlMjBuYW1lJTJBJTNDJTJGbGFiZWwlM0UlMEElM0NpbnB1dCUyMGlkJTNEJTIyTmFjaG5hbWUlMjIlMjBjbGFzcyUzRCUyMmZvcm0tY29udHJvbCUyMGNvbC1zbS02JTIyJTIwbmFtZSUzRCUyMk5hY2huYW1lJTIyJTIwdHlwZSUzRCUyMnRleHQlMjIlMjAlMkYlM0UlM0MlMkZkaXYlM0UlMEElM0MlMkZkaXYlM0UlMEElM0NkaXYlMjBjbGFzcyUzRCUyMnJvdyUyMiUzRSUwQSUzQ2RpdiUyMGNsYXNzJTNEJTIyZm9ybS1ncm91cCUyMGNvbC00JTIyJTNFJTNDbGFiZWwlMjBmb3IlM0QlMjJBbnJlaXNlJTIyJTNFQXJyaXZhbCUzQyUyRmxhYmVsJTNFJTBBJTNDaW5wdXQlMjBpZCUzRCUyMkFucmVpc2UlMjIlMjBjbGFzcyUzRCUyMmZvcm0tY29udHJvbCUyMGNvbC1zbS02JTIyJTIwbmFtZSUzRCUyMkFucmVpc2UlMjIlMjB0eXBlJTNEJTIyZGF0ZSUyMiUyMCUyRiUzRSUzQyUyRmRpdiUzRSUwQSUzQ2RpdiUyMGNsYXNzJTNEJTIyZm9ybS1ncm91cCUyMGNvbC00JTIyJTNFJTNDbGFiZWwlMjBmb3IlM0QlMjJBYnJlaXNlJTIyJTNFRGVwYXJ0dXJlJTNDJTJGbGFiZWwlM0UlMEElM0NpbnB1dCUyMGlkJTNEJTIyQWJyZWlzZSUyMiUyMGNsYXNzJTNEJTIyZm9ybS1jb250cm9sJTIwY29sLXNtLTYlMjIlMjBuYW1lJTNEJTIyQWJyZWlzZSUyMiUyMHR5cGUlM0QlMjJkYXRlJTIyJTIwJTJGJTNFJTNDJTJGZGl2JTNFJTBBJTNDJTJGZGl2JTNFJTBBJTNDZGl2JTIwY2xhc3MlM0QlMjJyb3clMjIlM0UlMEElM0NkaXYlMjBjbGFzcyUzRCUyMmZvcm0tZ3JvdXAlMjBjb2wtNCUyMiUzRSUzQ2xhYmVsJTIwZm9yJTNEJTIyRXJ3YWNoc2VuZSUyMiUzRUFkdWx0cyUyQSUzQyUyRmxhYmVsJTNFJTBBJTNDaW5wdXQlMjBpZCUzRCUyMkVyd2FjaHNlbmUlMjIlMjBjbGFzcyUzRCUyMmZvcm0tY29udHJvbCUyMiUyMG1pbiUzRCUyMjElMjIlMjBuYW1lJTNEJTIyRXJ3YWNoc2VuZSUyMiUyMHJlcXVpcmVkJTNEJTIyJTIyJTIwdHlwZSUzRCUyMm51bWJlciUyMiUyMHZhbHVlJTNEJTIyMSUyMiUyMCUyRiUzRSUzQyUyRmRpdiUzRSUwQSUzQ2RpdiUyMGNsYXNzJTNEJTIyZm9ybS1ncm91cCUyMGNvbC00JTIyJTNFJTNDbGFiZWwlMjBmb3IlM0QlMjJLaW5kZXIlMjIlM0VDaGlsZHJlbiUzQyUyRmxhYmVsJTNFJTBBJTNDaW5wdXQlMjBpZCUzRCUyMktpbmRlciUyMiUyMGNsYXNzJTNEJTIyZm9ybS1jb250cm9sJTIyJTIwbWluJTNEJTIyMCUyMiUyMG5hbWUlM0QlMjJLaW5kZXIlMjIlMjB0eXBlJTNEJTIybnVtYmVyJTIyJTIwdmFsdWUlM0QlMjIwJTIyJTIwJTJGJTNFJTNDJTJGZGl2JTNFJTBBJTNDZGl2JTIwaWQlM0QlMjJraW5kZXJhZ2UlMjIlMjBjbGFzcyUzRCUyMmZvcm0tZ3JvdXAlMjBjb2wtNCUyMiUzRSUzQ2xhYmVsJTIwZm9yJTNEJTIyS2luZGVyYWx0ZXIlMjIlM0VDaGlsZHJlbiUyMGFnZSUyQSUzQyUyRmxhYmVsJTNFJTBBJTNDaW5wdXQlMjBpZCUzRCUyMktpbmRlcmFsdGVyJTIyJTIwY2xhc3MlM0QlMjJmb3JtLWNvbnRyb2wlMjIlMjBuYW1lJTNEJTIyS2luZGVyYWx0ZXIlMjIlMjB0eXBlJTNEJTIydGV4dCUyMiUyMHBsYWNlaG9sZGVyJTNEJTIyei5CLiUyMDIlMkM2JTJDOCUyQyUyMC4uLiUyMiUyMCUyRiUzRSUzQyUyRmRpdiUzRSUwQSUzQyUyRmRpdiUzRSUwQSUzQ2RpdiUyMGNsYXNzJTNEJTIycm93JTIyJTNFJTBBJTNDZGl2JTIwY2xhc3MlM0QlMjJmb3JtLWdyb3VwJTIwY29sLTQlMjIlM0UlM0NsYWJlbCUyMGZvciUzRCUyMkVtYWlsJTIyJTNFRS1tYWlsJTJBJTNDJTJGbGFiZWwlM0UlMEElM0NpbnB1dCUyMGlkJTNEJTIyRW1haWwlMjIlMjBjbGFzcyUzRCUyMmZvcm0tY29udHJvbCUyMGNvbC1zbS02JTIyJTIwbmFtZSUzRCUyMkVtYWlsJTIyJTIwdHlwZSUzRCUyMnRleHQlMjIlMjAlMkYlM0UlM0MlMkZkaXYlM0UlMEElM0NkaXYlMjBjbGFzcyUzRCUyMmZvcm0tZ3JvdXAlMjBjb2wtNCUyMiUzRSUzQ2xhYmVsJTIwZm9yJTNEJTIycGhvbmUlMjIlM0VQaG9uZSUzQyUyRmxhYmVsJTNFJTBBJTNDaW5wdXQlMjBpZCUzRCUyMnRlbCUyMiUyMGNsYXNzJTNEJTIyZm9ybS1jb250cm9sJTIwY29sLTQlMjIlMjBhdXRvY29tcGxldGUlM0QlMjJ0ZWwlMjIlMjBuYW1lJTNEJTIycGhvbmUlMjIlMjB0eXBlJTNEJTIydGVsJTIyJTIwJTJGJTNFJTNDJTJGZGl2JTNFJTBBJTNDZGl2JTIwY2xhc3MlM0QlMjJmb3JtLWdyb3VwJTIwY29sLTQlMjIlM0UlM0NsYWJlbCUyMGZvciUzRCUyMkxhbmQlMjIlM0VDb3VudHJ5JTNDJTJGbGFiZWwlM0UlMEElM0NpbnB1dCUyMGlkJTNEJTIyTGFuZCUyMiUyMGNsYXNzJTNEJTIyZm9ybS1jb250cm9sJTIwY29sLXNtLTYlMjIlMjBuYW1lJTNEJTIyTGFuZCUyMiUyMHR5cGUlM0QlMjJ0ZXh0JTIyJTIwJTJGJTNFJTNDJTJGZGl2JTNFJTBBJTNDJTJGZGl2JTNFJTBBJTNDZGl2JTIwY2xhc3MlM0QlMjJyb3clMjIlM0UlMEElM0NkaXYlMjBjbGFzcyUzRCUyMmZvcm0tZ3JvdXAlMjBjb2wtNyUyMiUzRSUzQ2xhYmVsJTIwZm9yJTNEJTIyQW5tZXJrdW5nZW4lMjIlM0VZb3VyJTIwbWVzc2FnZSUyMHRvJTIwdXMlMEElMkElM0MlMkZsYWJlbCUzRSUwQSUzQ3RleHRhcmVhJTIwaWQlM0QlMjJOYWNocmljaHQlMjIlMjBjbGFzcyUzRCUyMmZvcm0tY29udHJvbCUyMiUyMG5hbWUlM0QlMjJOYWNocmljaHQlMjIlMjByb3dzJTNEJTIyNSUyMiUzRSUzQyUyRnRleHRhcmVhJTNFJTNDJTJGZGl2JTNFJTBBJTNDJTJGZGl2JTNFJTBBJTNDZGl2JTIwY2xhc3MlM0QlMjJyb3clMjIlM0UlMEElM0NkaXYlMjBjbGFzcyUzRCUyMmZvcm0tZ3JvdXAlMjBjb2wtNiUyMiUzRSUzQ2xhYmVsJTIwZm9yJTNEJTIyRGF0ZW5zY2h1dHolMjIlM0UlMEElM0NpbnB1dCUyMGlkJTNEJTIyRGF0ZW5zY2h1dHolMjIlMjBuYW1lJTNEJTIyRGF0ZW5zY2h1dHolMjIlMjB0eXBlJTNEJTIyY2hlY2tib3glMjIlMjAlMkYlM0VJJTIwaGF2ZSUyMHJlYWQlMjB0aGUlMjAlM0NhJTIwdGl0bGUlM0QlMjJQcml2YWN5JTIwUG9saWN5JTIyJTIwaHJlZiUzRCUyMiUyRmVuJTJGcHJpdmFjeS1wb2xpY3klMkYlMjIlMjB0YXJnZXQlM0QlMjJfYmxhbmslMjIlMjByZWwlM0QlMjJub29wZW5lciUyMiUzRXByaXZhY3klMjBwb2xpY3klM0MlMkZhJTNFLiUyQSUzQyUyRmxhYmVsJTNFJTNDJTJGZGl2JTNFJTBBJTNDYnV0dG9uJTIwaWQlM0QlMjJzdWJtaXQlMjIlMjBjbGFzcyUzRCUyMmJ0biUyMGJ0bi1zZW5kZW4lMjIlMjB0eXBlJTNEJTIyc3VibWl0JTIyJTNFc3VibWl0JTIwaW5xdWlyeSUzQyUyRmJ1dHRvbiUzRSUwQSUwQSUzQyUyRmRpdiUzRSUwQSUzQ2RpdiUyMGNsYXNzJTNEJTIycm93JTIyJTNFJTBBJTNDZGl2JTIwaWQlM0QlMjJlcnJvciUyMiUzRSUzQyUyRmRpdiUzRSUwQSUzQyUyRmRpdiUzRSUwQSUzQyUyRmZvcm0lM0U=[\/vc_raw_html][vc_raw_js]JTNDc2NyaXB0JTIwdGV4dCUzRCUyMnRleHQlMkZqYXZhc2NyaXB0JTIyJTNFJTBBbGV0JTIwa2luZGVyJTIwJTNEJTIwZG9jdW1lbnQuZ2V0RWxlbWVudEJ5SWQlMjglMjdLaW5kZXIlMjclMjklM0IlMEFraW5kZXIuYWRkRXZlbnRMaXN0ZW5lciUyMCUyOCUyMmNoYW5nZSUyMiUyQyUyMGZ1bmN0aW9uJTIwJTI4JTI5JTIwJTdCJTBBJTIwJTIwJTIwbGV0JTIwa2luZGVyYWdlJTIwJTNEJTIwZG9jdW1lbnQuZ2V0RWxlbWVudEJ5SWQlMjglMjdraW5kZXJhZ2UlMjclMjklM0IlMEElMjAlMjAlMjBsZXQlMjBraW5kZXJhbHRlciUyMCUzRCUyMGRvY3VtZW50LmdldEVsZW1lbnRCeUlkJTI4JTI3S2luZGVyYWx0ZXIlMjclMjklM0IlMEFpZiUyOGtpbmRlci52YWx1ZSUyMCUzRSUzRCUyMDElMjklMjAlN0IlMEFraW5kZXJhZ2UuY2xhc3NMaXN0LmFkZCUyOCUyMnNob3dpbmclMjIlMjklM0IlMEFraW5kZXJhbHRlci5zZXRBdHRyaWJ1dGUlMjglMjJyZXF1aXJlZCUyMiUyQyUyMCUyMiUyMiUyOSUzQiUwQWtpbmRlcmFsdGVyLnNldEF0dHJpYnV0ZSUyOCUyMmRhdGEtZXJyb3IlMjIlMkMlMjAlMjJEYXMlMjBpc3QlMjBlaW4lMjBQZmxpY2h0ZWxkLiUyMiUyOSUzQiUwQSU3RCUwQWVsc2UlMjAlN0IlMEFraW5kZXJhZ2UuY2xhc3NMaXN0LnJlbW92ZSUyOCUyMnNob3dpbmclMjIlMjklM0IlMEFraW5kZXJhbHRlci5yZW1vdmVBdHRyaWJ1dGUlMjglMjJyZXF1aXJlZCUyMiUyQyUyMCUyMiUyMiUyOSUzQiUwQWtpbmRlcmFsdGVyLnJlbW92ZUF0dHJpYnV0ZSUyOCUyMmRhdGEtZXJyb3IlMjIlMkMlMjAlMjJEYXMlMjBpc3QlMjBlaW4lMjBQZmxpY2h0ZWxkLiUyMiUyOSUzQiUwQSU3RCUwQSUyMCUyMCUyMCUwQSU3RCUyOSUzQiUwQSUwQSUzQyUyRnNjcmlwdCUzRQ==[\/vc_raw_js][\/vc_column][\/vc_row]<\/p>\n<\/div>","protected":false},"excerpt":{"rendered":"<p>[vc_row full_width=&#8221;stretch_row&#8221; el_class=&#8221;toprow anfrage&#8221;][vc_column][vc_column_text] Inquire now [\/vc_column_text][vc_raw_html]JTBBJTNDZm9ybSUyMGFjdGlvbiUzRCUyMiUyRmVtYWlsJTJGc2VuZF9lbWFpbF9lbi5waHAlMjIlMjBtZXRob2QlM0QlMjJwb3N0JTIyJTNFJTBBJTNDZGl2JTIwY2xhc3MlM0QlMjJyb3clMjIlM0UlMEElM0NkaXYlMjBjbGFzcyUzRCUyMmZvcm0tZ3JvdXAlMjBjb2wtNCUyMiUzRSUzQ2xhYmVsJTIwY2xhc3MlM0QlMjJjb2wtc20tMTIlMjIlMjBmb3IlM0QlMjJBbnJlZGUlMjIlM0VTYWx1dGF0aW9uJTNDJTJGbGFiZWwlM0UlMEElM0NzZWxlY3QlMjBpZCUzRCUyMkFucmVkZSUyMiUyMGNsYXNzJTNEJTIyY3VzdG9tLXNlbGVjdCUyMiUyMG5hbWUlM0QlMjJBbnJlZGUlMjIlM0UlMEElM0NvcHRpb24lMjBzZWxlY3RlZCUzRCUyMnNlbGVjdGVkJTIyJTNFcGxlYXNlJTIwc2VsZWN0JTNDJTJGb3B0aW9uJTNFJTBBJTNDb3B0aW9uJTIwdmFsdWUlM0QlMjJGcmF1JTIyJTNFTXMuJTIwJTJGJTIwTXJzLiUzQyUyRm9wdGlvbiUzRSUwQSUzQ29wdGlvbiUyMHZhbHVlJTNEJTIySGVyciUyMiUzRU1yLiUzQyUyRm9wdGlvbiUzRSUwQSUzQ29wdGlvbiUyMHZhbHVlJTNEJTIyRmFtaWxpZSUyMiUzRUZhbWlseSUzQyUyRm9wdGlvbiUzRSUwQSUzQ29wdGlvbiUyMHZhbHVlJTNEJTIyRmlybWElMjIlM0VDb21wYW55JTNDJTJGb3B0aW9uJTNFJTBBJTNDJTJGc2VsZWN0JTNFJTNDJTJGZGl2JTNFJTBBJTNDJTJGZGl2JTNFJTBBJTNDZGl2JTIwY2xhc3MlM0QlMjJyb3clMjIlM0UlMEElM0NkaXYlMjBjbGFzcyUzRCUyMmZvcm0tZ3JvdXAlMjBjb2wtNCUyMiUzRSUzQ2xhYmVsJTIwZm9yJTNEJTIyVm9ybmFtZSUyMiUzRUZpcnN0JTIwbmFtZSUyQSUzQyUyRmxhYmVsJTNFJTBBJTNDaW5wdXQlMjBpZCUzRCUyMlZvcm5hbWUlMjIlMjBjbGFzcyUzRCUyMmZvcm0tY29udHJvbCUyMGNvbC1zbS02JTIyJTIwbmFtZSUzRCUyMlZvcm5hbWUlMjIlMjB0eXBlJTNEJTIydGV4dCUyMiUyMCUyRiUzRSUzQyUyRmRpdiUzRSUwQSUzQ2RpdiUyMGNsYXNzJTNEJTIyZm9ybS1ncm91cCUyMGNvbC00JTIyJTNFJTNDbGFiZWwlMjBmb3IlM0QlMjJOYWNobmFtZSUyMiUzRUxhc3QlMjBuYW1lJTJBJTNDJTJGbGFiZWwlM0UlMEElM0NpbnB1dCUyMGlkJTNEJTIyTmFjaG5hbWUlMjIlMjBjbGFzcyUzRCUyMmZvcm0tY29udHJvbCUyMGNvbC1zbS02JTIyJTIwbmFtZSUzRCUyMk5hY2huYW1lJTIyJTIwdHlwZSUzRCUyMnRleHQlMjIlMjAlMkYlM0UlM0MlMkZkaXYlM0UlMEElM0MlMkZkaXYlM0UlMEElM0NkaXYlMjBjbGFzcyUzRCUyMnJvdyUyMiUzRSUwQSUzQ2RpdiUyMGNsYXNzJTNEJTIyZm9ybS1ncm91cCUyMGNvbC00JTIyJTNFJTNDbGFiZWwlMjBmb3IlM0QlMjJBbnJlaXNlJTIyJTNFQXJyaXZhbCUzQyUyRmxhYmVsJTNFJTBBJTNDaW5wdXQlMjBpZCUzRCUyMkFucmVpc2UlMjIlMjBjbGFzcyUzRCUyMmZvcm0tY29udHJvbCUyMGNvbC1zbS02JTIyJTIwbmFtZSUzRCUyMkFucmVpc2UlMjIlMjB0eXBlJTNEJTIyZGF0ZSUyMiUyMCUyRiUzRSUzQyUyRmRpdiUzRSUwQSUzQ2RpdiUyMGNsYXNzJTNEJTIyZm9ybS1ncm91cCUyMGNvbC00JTIyJTNFJTNDbGFiZWwlMjBmb3IlM0QlMjJBYnJlaXNlJTIyJTNFRGVwYXJ0dXJlJTNDJTJGbGFiZWwlM0UlMEElM0NpbnB1dCUyMGlkJTNEJTIyQWJyZWlzZSUyMiUyMGNsYXNzJTNEJTIyZm9ybS1jb250cm9sJTIwY29sLXNtLTYlMjIlMjBuYW1lJTNEJTIyQWJyZWlzZSUyMiUyMHR5cGUlM0QlMjJkYXRlJTIyJTIwJTJGJTNFJTNDJTJGZGl2JTNFJTBBJTNDJTJGZGl2JTNFJTBBJTNDZGl2JTIwY2xhc3MlM0QlMjJyb3clMjIlM0UlMEElM0NkaXYlMjBjbGFzcyUzRCUyMmZvcm0tZ3JvdXAlMjBjb2wtNCUyMiUzRSUzQ2xhYmVsJTIwZm9yJTNEJTIyRXJ3YWNoc2VuZSUyMiUzRUFkdWx0cyUyQSUzQyUyRmxhYmVsJTNFJTBBJTNDaW5wdXQlMjBpZCUzRCUyMkVyd2FjaHNlbmUlMjIlMjBjbGFzcyUzRCUyMmZvcm0tY29udHJvbCUyMiUyMG1pbiUzRCUyMjElMjIlMjBuYW1lJTNEJTIyRXJ3YWNoc2VuZSUyMiUyMHJlcXVpcmVkJTNEJTIyJTIyJTIwdHlwZSUzRCUyMm51bWJlciUyMiUyMHZhbHVlJTNEJTIyMSUyMiUyMCUyRiUzRSUzQyUyRmRpdiUzRSUwQSUzQ2RpdiUyMGNsYXNzJTNEJTIyZm9ybS1ncm91cCUyMGNvbC00JTIyJTNFJTNDbGFiZWwlMjBmb3IlM0QlMjJLaW5kZXIlMjIlM0VDaGlsZHJlbiUzQyUyRmxhYmVsJTNFJTBBJTNDaW5wdXQlMjBpZCUzRCUyMktpbmRlciUyMiUyMGNsYXNzJTNEJTIyZm9ybS1jb250cm9sJTIyJTIwbWluJTNEJTIyMCUyMiUyMG5hbWUlM0QlMjJLaW5kZXIlMjIlMjB0eXBlJTNEJTIybnVtYmVyJTIyJTIwdmFsdWUlM0QlMjIwJTIyJTIwJTJGJTNFJTNDJTJGZGl2JTNFJTBBJTNDZGl2JTIwaWQlM0QlMjJraW5kZXJhZ2UlMjIlMjBjbGFzcyUzRCUyMmZvcm0tZ3JvdXAlMjBjb2wtNCUyMiUzRSUzQ2xhYmVsJTIwZm9yJTNEJTIyS2luZGVyYWx0ZXIlMjIlM0VDaGlsZHJlbiUyMGFnZSUyQSUzQyUyRmxhYmVsJTNFJTBBJTNDaW5wdXQlMjBpZCUzRCUyMktpbmRlcmFsdGVyJTIyJTIwY2xhc3MlM0QlMjJmb3JtLWNvbnRyb2wlMjIlMjBuYW1lJTNEJTIyS2luZGVyYWx0ZXIlMjIlMjB0eXBlJTNEJTIydGV4dCUyMiUyMHBsYWNlaG9sZGVyJTNEJTIyei5CLiUyMDIlMkM2JTJDOCUyQyUyMC4uLiUyMiUyMCUyRiUzRSUzQyUyRmRpdiUzRSUwQSUzQyUyRmRpdiUzRSUwQSUzQ2RpdiUyMGNsYXNzJTNEJTIycm93JTIyJTNFJTBBJTNDZGl2JTIwY2xhc3MlM0QlMjJmb3JtLWdyb3VwJTIwY29sLTQlMjIlM0UlM0NsYWJlbCUyMGZvciUzRCUyMkVtYWlsJTIyJTNFRS1tYWlsJTJBJTNDJTJGbGFiZWwlM0UlMEElM0NpbnB1dCUyMGlkJTNEJTIyRW1haWwlMjIlMjBjbGFzcyUzRCUyMmZvcm0tY29udHJvbCUyMGNvbC1zbS02JTIyJTIwbmFtZSUzRCUyMkVtYWlsJTIyJTIwdHlwZSUzRCUyMnRleHQlMjIlMjAlMkYlM0UlM0MlMkZkaXYlM0UlMEElM0NkaXYlMjBjbGFzcyUzRCUyMmZvcm0tZ3JvdXAlMjBjb2wtNCUyMiUzRSUzQ2xhYmVsJTIwZm9yJTNEJTIycGhvbmUlMjIlM0VQaG9uZSUzQyUyRmxhYmVsJTNFJTBBJTNDaW5wdXQlMjBpZCUzRCUyMnRlbCUyMiUyMGNsYXNzJTNEJTIyZm9ybS1jb250cm9sJTIwY29sLTQlMjIlMjBhdXRvY29tcGxldGUlM0QlMjJ0ZWwlMjIlMjBuYW1lJTNEJTIycGhvbmUlMjIlMjB0eXBlJTNEJTIydGVsJTIyJTIwJTJGJTNFJTNDJTJGZGl2JTNFJTBBJTNDZGl2JTIwY2xhc3MlM0QlMjJmb3JtLWdyb3VwJTIwY29sLTQlMjIlM0UlM0NsYWJlbCUyMGZvciUzRCUyMkxhbmQlMjIlM0VDb3VudHJ5JTNDJTJGbGFiZWwlM0UlMEElM0NpbnB1dCUyMGlkJTNEJTIyTGFuZCUyMiUyMGNsYXNzJTNEJTIyZm9ybS1jb250cm9sJTIwY29sLXNtLTYlMjIlMjBuYW1lJTNEJTIyTGFuZCUyMiUyMHR5cGUlM0QlMjJ0ZXh0JTIyJTIwJTJGJTNFJTNDJTJGZGl2JTNFJTBBJTNDJTJGZGl2JTNFJTBBJTNDZGl2JTIwY2xhc3MlM0QlMjJyb3clMjIlM0UlMEElM0NkaXYlMjBjbGFzcyUzRCUyMmZvcm0tZ3JvdXAlMjBjb2wtNyUyMiUzRSUzQ2xhYmVsJTIwZm9yJTNEJTIyQW5tZXJrdW5nZW4lMjIlM0VZb3VyJTIwbWVzc2FnZSUyMHRvJTIwdXMlMEElMkElM0MlMkZsYWJlbCUzRSUwQSUzQ3RleHRhcmVhJTIwaWQlM0QlMjJOYWNocmljaHQlMjIlMjBjbGFzcyUzRCUyMmZvcm0tY29udHJvbCUyMiUyMG5hbWUlM0QlMjJOYWNocmljaHQlMjIlMjByb3dzJTNEJTIyNSUyMiUzRSUzQyUyRnRleHRhcmVhJTNFJTNDJTJGZGl2JTNFJTBBJTNDJTJGZGl2JTNFJTBBJTNDZGl2JTIwY2xhc3MlM0QlMjJyb3clMjIlM0UlMEElM0NkaXYlMjBjbGFzcyUzRCUyMmZvcm0tZ3JvdXAlMjBjb2wtNiUyMiUzRSUzQ2xhYmVsJTIwZm9yJTNEJTIyRGF0ZW5zY2h1dHolMjIlM0UlMEElM0NpbnB1dCUyMGlkJTNEJTIyRGF0ZW5zY2h1dHolMjIlMjBuYW1lJTNEJTIyRGF0ZW5zY2h1dHolMjIlMjB0eXBlJTNEJTIyY2hlY2tib3glMjIlMjAlMkYlM0VJJTIwaGF2ZSUyMHJlYWQlMjB0aGUlMjAlM0NhJTIwdGl0bGUlM0QlMjJQcml2YWN5JTIwUG9saWN5JTIyJTIwaHJlZiUzRCUyMiUyRmVuJTJGcHJpdmFjeS1wb2xpY3klMkYlMjIlMjB0YXJnZXQlM0QlMjJfYmxhbmslMjIlMjByZWwlM0QlMjJub29wZW5lciUyMiUzRXByaXZhY3klMjBwb2xpY3klM0MlMkZhJTNFLiUyQSUzQyUyRmxhYmVsJTNFJTNDJTJGZGl2JTNFJTBBJTNDYnV0dG9uJTIwaWQlM0QlMjJzdWJtaXQlMjIlMjBjbGFzcyUzRCUyMmJ0biUyMGJ0bi1zZW5kZW4lMjIlMjB0eXBlJTNEJTIyc3VibWl0JTIyJTNFc3VibWl0JTIwaW5xdWlyeSUzQyUyRmJ1dHRvbiUzRSUwQSUwQSUzQyUyRmRpdiUzRSUwQSUzQ2RpdiUyMGNsYXNzJTNEJTIycm93JTIyJTNFJTBBJTNDZGl2JTIwaWQlM0QlMjJlcnJvciUyMiUzRSUzQyUyRmRpdiUzRSUwQSUzQyUyRmRpdiUzRSUwQSUzQyUyRmZvcm0lM0U=[\/vc_raw_html][vc_raw_js]JTNDc2NyaXB0JTIwdGV4dCUzRCUyMnRleHQlMkZqYXZhc2NyaXB0JTIyJTNFJTBBbGV0JTIwa2luZGVyJTIwJTNEJTIwZG9jdW1lbnQuZ2V0RWxlbWVudEJ5SWQlMjglMjdLaW5kZXIlMjclMjklM0IlMEFraW5kZXIuYWRkRXZlbnRMaXN0ZW5lciUyMCUyOCUyMmNoYW5nZSUyMiUyQyUyMGZ1bmN0aW9uJTIwJTI4JTI5JTIwJTdCJTBBJTIwJTIwJTIwbGV0JTIwa2luZGVyYWdlJTIwJTNEJTIwZG9jdW1lbnQuZ2V0RWxlbWVudEJ5SWQlMjglMjdraW5kZXJhZ2UlMjclMjklM0IlMEElMjAlMjAlMjBsZXQlMjBraW5kZXJhbHRlciUyMCUzRCUyMGRvY3VtZW50LmdldEVsZW1lbnRCeUlkJTI4JTI3S2luZGVyYWx0ZXIlMjclMjklM0IlMEFpZiUyOGtpbmRlci52YWx1ZSUyMCUzRSUzRCUyMDElMjklMjAlN0IlMEFraW5kZXJhZ2UuY2xhc3NMaXN0LmFkZCUyOCUyMnNob3dpbmclMjIlMjklM0IlMEFraW5kZXJhbHRlci5zZXRBdHRyaWJ1dGUlMjglMjJyZXF1aXJlZCUyMiUyQyUyMCUyMiUyMiUyOSUzQiUwQWtpbmRlcmFsdGVyLnNldEF0dHJpYnV0ZSUyOCUyMmRhdGEtZXJyb3IlMjIlMkMlMjAlMjJEYXMlMjBpc3QlMjBlaW4lMjBQZmxpY2h0ZWxkLiUyMiUyOSUzQiUwQSU3RCUwQWVsc2UlMjAlN0IlMEFraW5kZXJhZ2UuY2xhc3NMaXN0LnJlbW92ZSUyOCUyMnNob3dpbmclMjIlMjklM0IlMEFraW5kZXJhbHRlci5yZW1vdmVBdHRyaWJ1dGUlMjglMjJyZXF1aXJlZCUyMiUyQyUyMCUyMiUyMiUyOSUzQiUwQWtpbmRlcmFsdGVyLnJlbW92ZUF0dHJpYnV0ZSUyOCUyMmRhdGEtZXJyb3IlMjIlMkMlMjAlMjJEYXMlMjBpc3QlMjBlaW4lMjBQZmxpY2h0ZWxkLiUyMiUyOSUzQiUwQSU3RCUwQSUyMCUyMCUyMCUwQSU3RCUyOSUzQiUwQSUwQSUzQyUyRnNjcmlwdCUzRQ==[\/vc_raw_js][\/vc_column][\/vc_row]<\/p>\n","protected":false},"author":1,"featured_media":0,"parent":0,"menu_order":11,"comment_status":"closed","ping_status":"closed","template":"","meta":{"inline_featured_image":false,"footnotes":""},"class_list":["post-383","page","type-page","status-publish","hentry"],"yoast_head":"<!-- This site is optimized with the Yoast SEO plugin v25.4 - https:\/\/yoast.com\/wordpress\/plugins\/seo\/ -->\n<title>Non-binding inquiry - Haag H\u00fctte Hochf\u00fcgen | Zillertal<\/title>\n<meta name=\"description\" content=\"Send us a non-binding inquiry for our Haag H\u00fctte in Hochf\u00fcgen. We are looking forward to you.\" \/>\n<meta name=\"robots\" content=\"index, follow, max-snippet:-1, max-image-preview:large, max-video-preview:-1\" \/>\n<link rel=\"canonical\" href=\"https:\/\/haag-huette.at\/anfrage\/\" \/>\n<meta property=\"og:locale\" content=\"en_US\" \/>\n<meta property=\"og:type\" content=\"article\" \/>\n<meta property=\"og:title\" content=\"Non-binding inquiry - Haag H\u00fctte Hochf\u00fcgen | Zillertal\" \/>\n<meta property=\"og:description\" content=\"Send us a non-binding inquiry for our Haag H\u00fctte in Hochf\u00fcgen. We are looking forward to you.\" \/>\n<meta property=\"og:url\" content=\"https:\/\/haag-huette.at\/anfrage\/\" \/>\n<meta property=\"og:site_name\" content=\"Haag H\u00fctte\" \/>\n<meta property=\"article:publisher\" content=\"https:\/\/www.fb.me\/HygnaChalets\" \/>\n<meta property=\"article:modified_time\" content=\"2025-01-07T07:49:54+00:00\" \/>\n<meta name=\"twitter:card\" content=\"summary_large_image\" \/>\n<meta name=\"twitter:label1\" content=\"Est. reading time\" \/>\n\t<meta name=\"twitter:data1\" content=\"3 minutes\" \/>\n<script type=\"application\/ld+json\" class=\"yoast-schema-graph\">{\"@context\":\"https:\/\/schema.org\",\"@graph\":[{\"@type\":\"WebPage\",\"@id\":\"https:\/\/haag-huette.at\/anfrage\/\",\"url\":\"https:\/\/haag-huette.at\/anfrage\/\",\"name\":\"Non-binding inquiry - Haag H\u00fctte Hochf\u00fcgen | Zillertal\",\"isPartOf\":{\"@id\":\"https:\/\/haag-huette.at\/#website\"},\"datePublished\":\"2021-12-21T10:26:51+00:00\",\"dateModified\":\"2025-01-07T07:49:54+00:00\",\"description\":\"Send us a non-binding inquiry for our Haag H\u00fctte in Hochf\u00fcgen. We are looking forward to you.\",\"breadcrumb\":{\"@id\":\"https:\/\/haag-huette.at\/anfrage\/#breadcrumb\"},\"inLanguage\":\"en-US\",\"potentialAction\":[{\"@type\":\"ReadAction\",\"target\":[\"https:\/\/haag-huette.at\/anfrage\/\"]}]},{\"@type\":\"BreadcrumbList\",\"@id\":\"https:\/\/haag-huette.at\/anfrage\/#breadcrumb\",\"itemListElement\":[{\"@type\":\"ListItem\",\"position\":1,\"name\":\"Startseite\",\"item\":\"https:\/\/haag-huette.at\/\"},{\"@type\":\"ListItem\",\"position\":2,\"name\":\"Inquiry\"}]},{\"@type\":\"WebSite\",\"@id\":\"https:\/\/haag-huette.at\/#website\",\"url\":\"https:\/\/haag-huette.at\/\",\"name\":\"Hygna Chalets\",\"description\":\"Ihr Versteck in den Bergen\",\"publisher\":{\"@id\":\"https:\/\/haag-huette.at\/#organization\"},\"potentialAction\":[{\"@type\":\"SearchAction\",\"target\":{\"@type\":\"EntryPoint\",\"urlTemplate\":\"https:\/\/haag-huette.at\/?s={search_term_string}\"},\"query-input\":{\"@type\":\"PropertyValueSpecification\",\"valueRequired\":true,\"valueName\":\"search_term_string\"}}],\"inLanguage\":\"en-US\"},{\"@type\":\"Organization\",\"@id\":\"https:\/\/haag-huette.at\/#organization\",\"name\":\"Hygna Chalets\",\"url\":\"https:\/\/haag-huette.at\/\",\"logo\":{\"@type\":\"ImageObject\",\"inLanguage\":\"en-US\",\"@id\":\"https:\/\/haag-huette.at\/#\/schema\/logo\/image\/\",\"url\":\"https:\/\/haag-huette.at\/wp-content\/uploads\/Hygna_Logo_Iridium.svg\",\"contentUrl\":\"https:\/\/haag-huette.at\/wp-content\/uploads\/Hygna_Logo_Iridium.svg\",\"width\":\"1024\",\"height\":\"1024\",\"caption\":\"Hygna Chalets\"},\"image\":{\"@id\":\"https:\/\/haag-huette.at\/#\/schema\/logo\/image\/\"},\"sameAs\":[\"https:\/\/www.fb.me\/HygnaChalets\",\"https:\/\/www.instagram.com\/hygna_chalets\/\"]}]}<\/script>\n<!-- \/ Yoast SEO plugin. -->","yoast_head_json":{"title":"Non-binding inquiry - Haag H\u00fctte Hochf\u00fcgen | Zillertal","description":"Send us a non-binding inquiry for our Haag H\u00fctte in Hochf\u00fcgen. We are looking forward to you.","robots":{"index":"index","follow":"follow","max-snippet":"max-snippet:-1","max-image-preview":"max-image-preview:large","max-video-preview":"max-video-preview:-1"},"canonical":"https:\/\/haag-huette.at\/anfrage\/","og_locale":"en_US","og_type":"article","og_title":"Non-binding inquiry - Haag H\u00fctte Hochf\u00fcgen | Zillertal","og_description":"Send us a non-binding inquiry for our Haag H\u00fctte in Hochf\u00fcgen. We are looking forward to you.","og_url":"https:\/\/haag-huette.at\/anfrage\/","og_site_name":"Haag H\u00fctte","article_publisher":"https:\/\/www.fb.me\/HygnaChalets","article_modified_time":"2025-01-07T07:49:54+00:00","twitter_card":"summary_large_image","twitter_misc":{"Est. reading time":"3 minutes"},"schema":{"@context":"https:\/\/schema.org","@graph":[{"@type":"WebPage","@id":"https:\/\/haag-huette.at\/anfrage\/","url":"https:\/\/haag-huette.at\/anfrage\/","name":"Non-binding inquiry - Haag H\u00fctte Hochf\u00fcgen | Zillertal","isPartOf":{"@id":"https:\/\/haag-huette.at\/#website"},"datePublished":"2021-12-21T10:26:51+00:00","dateModified":"2025-01-07T07:49:54+00:00","description":"Send us a non-binding inquiry for our Haag H\u00fctte in Hochf\u00fcgen. We are looking forward to you.","breadcrumb":{"@id":"https:\/\/haag-huette.at\/anfrage\/#breadcrumb"},"inLanguage":"en-US","potentialAction":[{"@type":"ReadAction","target":["https:\/\/haag-huette.at\/anfrage\/"]}]},{"@type":"BreadcrumbList","@id":"https:\/\/haag-huette.at\/anfrage\/#breadcrumb","itemListElement":[{"@type":"ListItem","position":1,"name":"Startseite","item":"https:\/\/haag-huette.at\/"},{"@type":"ListItem","position":2,"name":"Inquiry"}]},{"@type":"WebSite","@id":"https:\/\/haag-huette.at\/#website","url":"https:\/\/haag-huette.at\/","name":"Hygna Chalets","description":"Ihr Versteck in den Bergen","publisher":{"@id":"https:\/\/haag-huette.at\/#organization"},"potentialAction":[{"@type":"SearchAction","target":{"@type":"EntryPoint","urlTemplate":"https:\/\/haag-huette.at\/?s={search_term_string}"},"query-input":{"@type":"PropertyValueSpecification","valueRequired":true,"valueName":"search_term_string"}}],"inLanguage":"en-US"},{"@type":"Organization","@id":"https:\/\/haag-huette.at\/#organization","name":"Hygna Chalets","url":"https:\/\/haag-huette.at\/","logo":{"@type":"ImageObject","inLanguage":"en-US","@id":"https:\/\/haag-huette.at\/#\/schema\/logo\/image\/","url":"https:\/\/haag-huette.at\/wp-content\/uploads\/Hygna_Logo_Iridium.svg","contentUrl":"https:\/\/haag-huette.at\/wp-content\/uploads\/Hygna_Logo_Iridium.svg","width":"1024","height":"1024","caption":"Hygna Chalets"},"image":{"@id":"https:\/\/haag-huette.at\/#\/schema\/logo\/image\/"},"sameAs":["https:\/\/www.fb.me\/HygnaChalets","https:\/\/www.instagram.com\/hygna_chalets\/"]}]}},"_links":{"self":[{"href":"https:\/\/haag-huette.at\/en\/wp-json\/wp\/v2\/pages\/383","targetHints":{"allow":["GET"]}}],"collection":[{"href":"https:\/\/haag-huette.at\/en\/wp-json\/wp\/v2\/pages"}],"about":[{"href":"https:\/\/haag-huette.at\/en\/wp-json\/wp\/v2\/types\/page"}],"author":[{"embeddable":true,"href":"https:\/\/haag-huette.at\/en\/wp-json\/wp\/v2\/users\/1"}],"replies":[{"embeddable":true,"href":"https:\/\/haag-huette.at\/en\/wp-json\/wp\/v2\/comments?post=383"}],"version-history":[{"count":7,"href":"https:\/\/haag-huette.at\/en\/wp-json\/wp\/v2\/pages\/383\/revisions"}],"predecessor-version":[{"id":423,"href":"https:\/\/haag-huette.at\/en\/wp-json\/wp\/v2\/pages\/383\/revisions\/423"}],"wp:attachment":[{"href":"https:\/\/haag-huette.at\/en\/wp-json\/wp\/v2\/media?parent=383"}],"curies":[{"name":"wp","href":"https:\/\/api.w.org\/{rel}","templated":true}]}}